{"id":51,"date":"2023-09-28T21:42:19","date_gmt":"2023-09-29T02:42:19","guid":{"rendered":"http:\/\/museocomunitariodelvalledexico.com\/?page_id=51"},"modified":"2023-09-30T01:07:39","modified_gmt":"2023-09-30T06:07:39","slug":"servicio-social","status":"publish","type":"page","link":"http:\/\/museocomunitariodelvalledexico.com\/index.php\/servicio-social\/","title":{"rendered":"Servicio social"},"content":{"rendered":"\n<div class=\"wp-block-columns is-layout-flex wp-container-core-columns-is-layout-28f84493 wp-block-columns-is-layout-flex\">\n<div class=\"wp-block-column is-layout-flow wp-block-column-is-layout-flow\">\n<div style=\"height:40px\" aria-hidden=\"true\" class=\"wp-block-spacer\"><\/div>\n<\/div>\n<\/div>\n\n\n\n<blockquote class=\"wp-block-quote is-layout-flow wp-block-quote-is-layout-flow\">\n<h4 class=\"wp-block-heading\"><strong>Nombre del proyecto:<\/strong> Inventario de colecci\u00f3n arqueol\u00f3gica del Museo Comunitario del Valle de Xico.<\/h4>\n<\/blockquote>\n\n\n\n<div class=\"wp-block-columns is-layout-flex wp-container-core-columns-is-layout-28f84493 wp-block-columns-is-layout-flex\">\n<div class=\"wp-block-column is-layout-flow wp-block-column-is-layout-flow\">\n<div style=\"height:40px\" aria-hidden=\"true\" class=\"wp-block-spacer\"><\/div>\n<\/div>\n<\/div>\n\n\n\n<div class=\"wp-block-columns is-layout-flex wp-container-core-columns-is-layout-28f84493 wp-block-columns-is-layout-flex\">\n<div class=\"wp-block-column is-layout-flow wp-block-column-is-layout-flow\" style=\"flex-basis:33.33%\">\n<figure class=\"wp-block-image size-full\"><img loading=\"lazy\" decoding=\"async\" width=\"210\" height=\"280\" src=\"http:\/\/museocomunitariodelvalledexico.com\/wp-content\/uploads\/2023\/09\/servicio-social-museo-comunitario-del-valle-de-xico-011.jpg\" alt=\"\" class=\"wp-image-69\" srcset=\"http:\/\/museocomunitariodelvalledexico.com\/wp-content\/uploads\/2023\/09\/servicio-social-museo-comunitario-del-valle-de-xico-011.jpg 210w, http:\/\/museocomunitariodelvalledexico.com\/wp-content\/uploads\/2023\/09\/servicio-social-museo-comunitario-del-valle-de-xico-011-205x273.jpg 205w\" sizes=\"auto, (max-width: 210px) 100vw, 210px\" \/><\/figure>\n<\/div>\n\n\n\n<div class=\"wp-block-column is-layout-flow wp-container-core-column-is-layout-a360f105 wp-block-column-is-layout-flow\" style=\"padding-right:0;padding-left:0;flex-basis:66.66%\">\n<p><strong>En convenio con la Escuela Nacional de Antropolog\u00eda e Historia (ENAH).<\/strong><\/p>\n\n\n\n<p>Clave: DBSS-ENAH\/2023-130<\/p>\n\n\n\n<p><strong>Carreras de prestadores de servicio social que se requieren:<\/strong><\/p>\n\n\n\n<p><strong>&#8211; <\/strong>Arqueolog\u00eda.<\/p>\n\n\n\n<p><strong>&#8211; <\/strong>Etnohistoria.<\/p>\n\n\n\n<p><strong>&#8211;<\/strong> Historia.<\/p>\n\n\n\n<p><strong>Actividades por desarrollar:<\/strong><\/p>\n\n\n\n<p><strong>1.-<\/strong> Inventariar y catalogar la colecci\u00f3n arqueol\u00f3gica.<\/p>\n\n\n\n<p><strong>2.-<\/strong> Embalar y restaurar piezas arqueol\u00f3gicas.<\/p>\n\n\n\n<p><strong>3.-<\/strong> Realizar investigaci\u00f3n documental para elaborar el cat\u00e1logo y contextualizar los objetos.<\/p>\n\n\n\n<p><strong>4.-<\/strong> Socializar la informaci\u00f3n entre el personal del Museo Comunitario del Valle de Xico y entre la comunidad donde \u00e9ste se sit\u00faa.<\/p>\n\n\n\n<p><strong>Responsable del proyecto:<\/strong><\/p>\n\n\n\n<p>Doctora en Historia Sof\u00eda Torres Jim\u00e9nez.<\/p>\n<\/div>\n<\/div>\n\n\n\n<div class=\"wp-block-columns is-layout-flex wp-container-core-columns-is-layout-28f84493 wp-block-columns-is-layout-flex\">\n<div class=\"wp-block-column is-layout-flow wp-block-column-is-layout-flow\">\n<div style=\"height:40px\" aria-hidden=\"true\" class=\"wp-block-spacer\"><\/div>\n<\/div>\n<\/div>\n\n\n\n<div class=\"wp-block-columns is-layout-flex wp-container-core-columns-is-layout-28f84493 wp-block-columns-is-layout-flex\">\n<div class=\"wp-block-column is-layout-flow wp-block-column-is-layout-flow\">\n<p class=\"has-text-align-center\">>>>&lt;&lt;&lt;<\/p>\n<\/div>\n<\/div>\n\n\n\n<div class=\"wp-block-columns is-layout-flex wp-container-core-columns-is-layout-28f84493 wp-block-columns-is-layout-flex\">\n<div class=\"wp-block-column is-layout-flow wp-block-column-is-layout-flow\">\n<div style=\"height:40px\" aria-hidden=\"true\" class=\"wp-block-spacer\"><\/div>\n<\/div>\n<\/div>\n\n\n\n<blockquote class=\"wp-block-quote is-layout-flow wp-block-quote-is-layout-flow\">\n<h4 class=\"wp-block-heading\"><strong>Nombre del proyecto:<\/strong> Catalogaci\u00f3n de fototeca del Museo Comunitario del Valle de Xico.<\/h4>\n<\/blockquote>\n\n\n\n<div class=\"wp-block-columns is-layout-flex wp-container-core-columns-is-layout-28f84493 wp-block-columns-is-layout-flex\">\n<div class=\"wp-block-column is-layout-flow wp-block-column-is-layout-flow\">\n<div style=\"height:40px\" aria-hidden=\"true\" class=\"wp-block-spacer\"><\/div>\n<\/div>\n<\/div>\n\n\n\n<div class=\"wp-block-columns is-layout-flex wp-container-core-columns-is-layout-28f84493 wp-block-columns-is-layout-flex\">\n<div class=\"wp-block-column is-layout-flow wp-block-column-is-layout-flow\" style=\"flex-basis:33.33%\">\n<figure class=\"wp-block-image size-full\"><img loading=\"lazy\" decoding=\"async\" width=\"210\" height=\"280\" src=\"http:\/\/museocomunitariodelvalledexico.com\/wp-content\/uploads\/2023\/09\/servicio-social-museo-comunitario-del-valle-de-xico-021.jpg\" alt=\"\" class=\"wp-image-68\" srcset=\"http:\/\/museocomunitariodelvalledexico.com\/wp-content\/uploads\/2023\/09\/servicio-social-museo-comunitario-del-valle-de-xico-021.jpg 210w, http:\/\/museocomunitariodelvalledexico.com\/wp-content\/uploads\/2023\/09\/servicio-social-museo-comunitario-del-valle-de-xico-021-205x273.jpg 205w\" sizes=\"auto, (max-width: 210px) 100vw, 210px\" \/><\/figure>\n<\/div>\n\n\n\n<div class=\"wp-block-column is-layout-flow wp-container-core-column-is-layout-f5bb311e wp-block-column-is-layout-flow\" style=\"flex-basis:66.66%\">\n<p><strong>Objetivo del proyecto:<\/strong><\/p>\n\n\n\n<p>El objetivo del proyecto consiste en organizar, digitalizar y catalogar la colecci\u00f3n fotogr\u00e1fica, para que se ponga a disposici\u00f3n de la poblaci\u00f3n, de los estudiantes y acad\u00e9micos que as\u00ed lo requieran.<\/p>\n\n\n\n<p><strong>Carreras de prestadores de servicio social que se requieren:<\/strong><\/p>\n\n\n\n<p><strong>&#8211;<\/strong> Etnohistoria.<\/p>\n\n\n\n<p><strong>&#8211;<\/strong> Historia.<\/p>\n\n\n\n<p><strong>Actividades por desarrollar:<\/strong><\/p>\n\n\n\n<p><strong>1.-<\/strong> Clasificar las fotograf\u00edas por grupos.<\/p>\n\n\n\n<p><strong>2.-<\/strong> Digitalizar las fotograf\u00edas.<\/p>\n\n\n\n<p><strong>3.-<\/strong> Elaborar fichas catalogr\u00e1ficas.<\/p>\n\n\n\n<p><strong>4.-<\/strong> Realizar investigaci\u00f3n bibliogr\u00e1fica, hemerogr\u00e1fica y entrevistas, para datar y contextualizar el material.<\/p>\n\n\n\n<p><strong>Responsable del proyecto:<\/strong><\/p>\n\n\n\n<p>Doctora en Historia Sof\u00eda Torres Jim\u00e9nez.<\/p>\n<\/div>\n<\/div>\n","protected":false},"excerpt":{"rendered":"<p>Nombre del proyecto: Inventario de colecci\u00f3n arqueol\u00f3gica del Museo Comunitario del Valle de Xico. En convenio con la Escuela Nacional de Antropolog\u00eda e Historia (ENAH). Clave: DBSS-ENAH\/2023-130 Carreras de prestadores de servicio social que se requieren: &#8211; Arqueolog\u00eda. &#8211; Etnohistoria. &#8211; Historia. Actividades por desarrollar: 1.- Inventariar y catalogar la colecci\u00f3n arqueol\u00f3gica. 2.- Embalar y [&hellip;]<\/p>\n","protected":false},"author":1,"featured_media":0,"parent":0,"menu_order":0,"comment_status":"closed","ping_status":"closed","template":"","meta":{"footnotes":""},"class_list":["post-51","page","type-page","status-publish","hentry"],"_links":{"self":[{"href":"http:\/\/museocomunitariodelvalledexico.com\/index.php\/wp-json\/wp\/v2\/pages\/51","targetHints":{"allow":["GET"]}}],"collection":[{"href":"http:\/\/museocomunitariodelvalledexico.com\/index.php\/wp-json\/wp\/v2\/pages"}],"about":[{"href":"http:\/\/museocomunitariodelvalledexico.com\/index.php\/wp-json\/wp\/v2\/types\/page"}],"author":[{"embeddable":true,"href":"http:\/\/museocomunitariodelvalledexico.com\/index.php\/wp-json\/wp\/v2\/users\/1"}],"replies":[{"embeddable":true,"href":"http:\/\/museocomunitariodelvalledexico.com\/index.php\/wp-json\/wp\/v2\/comments?post=51"}],"version-history":[{"count":36,"href":"http:\/\/museocomunitariodelvalledexico.com\/index.php\/wp-json\/wp\/v2\/pages\/51\/revisions"}],"predecessor-version":[{"id":121,"href":"http:\/\/museocomunitariodelvalledexico.com\/index.php\/wp-json\/wp\/v2\/pages\/51\/revisions\/121"}],"wp:attachment":[{"href":"http:\/\/museocomunitariodelvalledexico.com\/index.php\/wp-json\/wp\/v2\/media?parent=51"}],"curies":[{"name":"wp","href":"https:\/\/api.w.org\/{rel}","templated":true}]}}